{"id":3652,"date":"2022-12-12T09:53:28","date_gmt":"2022-12-12T09:53:28","guid":{"rendered":"https:\/\/isd-sa.com\/?page_id=3652"},"modified":"2024-09-03T08:27:21","modified_gmt":"2024-09-03T08:27:21","slug":"solutions","status":"publish","type":"page","link":"https:\/\/isd-sa.com\/en\/solutions\/","title":{"rendered":"Solutions"},"content":{"rendered":"<p>[et_pb_section fb_built=\u00a0\u00bb1&Prime; custom_padding_last_edited=\u00a0\u00bbon|desktop\u00a0\u00bb next_background_color=\u00a0\u00bb#ffffff\u00a0\u00bb _builder_version=\u00a0\u00bb4.20.0&Prime; _module_preset=\u00a0\u00bbdefault\u00a0\u00bb use_background_color_gradient=\u00a0\u00bbon\u00a0\u00bb background_color_gradient_direction=\u00a0\u00bb90deg\u00a0\u00bb background_color_gradient_stops=\u00a0\u00bb#000000 0%|#00819c 0%|rgba(255,255,255,0) 78%\u00a0\u00bb background_image=\u00a0\u00bbhttps:\/\/isd-sa.com\/wp-content\/uploads\/2022\/12\/Solutions_ISD.webp\u00a0\u00bb background_blend=\u00a0\u00bbmultiply\u00a0\u00bb custom_margin=\u00a0\u00bb0px|0px|0px|0px|true|true\u00a0\u00bb custom_padding=\u00a0\u00bb15%|0%|15%|0%|true|true\u00a0\u00bb custom_padding_tablet=\u00a0\u00bb10%|0%|10%|0%|true|true\u00a0\u00bb custom_padding_phone=\u00a0\u00bb6%||6%||true|false\u00a0\u00bb top_divider_height=\u00a0\u00bb60px\u00a0\u00bb top_divider_height_tablet=\u00a0\u00bb40px\u00a0\u00bb top_divider_height_phone=\u00a0\u00bb20px\u00a0\u00bb top_divider_height_last_edited=\u00a0\u00bbon|phone\u00a0\u00bb bottom_divider_style=\u00a0\u00bbarrow3&Prime; bottom_divider_height=\u00a0\u00bb60px\u00a0\u00bb bottom_divider_height_tablet=\u00a0\u00bb40px\u00a0\u00bb bottom_divider_height_phone=\u00a0\u00bb20px\u00a0\u00bb bottom_divider_height_last_edited=\u00a0\u00bbon|desktop\u00a0\u00bb locked=\u00a0\u00bboff\u00a0\u00bb global_colors_info=\u00a0\u00bb{}\u00a0\u00bb][et_pb_row _builder_version=\u00a0\u00bb4.18.0&Prime; _module_preset=\u00a0\u00bbdefault\u00a0\u00bb global_colors_info=\u00a0\u00bb{}\u00a0\u00bb][et_pb_column type=\u00a0\u00bb4_4&Prime; _builder_version=\u00a0\u00bb4.18.0&Prime; _module_preset=\u00a0\u00bbdefault\u00a0\u00bb global_colors_info=\u00a0\u00bb{}\u00a0\u00bb][et_pb_text _builder_version=\u00a0\u00bb4.18.0&Prime; _module_preset=\u00a0\u00bbdefault\u00a0\u00bb header_font=\u00a0\u00bbMontserrat|700|||||||\u00a0\u00bb header_text_color=\u00a0\u00bb#FFFFFF\u00a0\u00bb header_font_size=\u00a0\u00bb70px\u00a0\u00bb custom_padding=\u00a0\u00bb0%||0%||true|false\u00a0\u00bb header_font_size_tablet=\u00a0\u00bb30px\u00a0\u00bb header_font_size_phone=\u00a0\u00bb20px\u00a0\u00bb header_font_size_last_edited=\u00a0\u00bbon|desktop\u00a0\u00bb header_text_shadow_style=\u00a0\u00bbpreset5&Prime; header_text_shadow_color=\u00a0\u00bb#000000&Prime; global_colors_info=\u00a0\u00bb{}\u00a0\u00bb]<\/p>\n<h1>Nos Solutions&#8230;<\/h1>\n<p>[\/et_pb_text][\/et_pb_column][\/et_pb_row][\/et_pb_section][et_pb_section fb_built=\u00a0\u00bb1&Prime; _builder_version=\u00a0\u00bb4.19.4&Prime; _module_preset=\u00a0\u00bbdefault\u00a0\u00bb custom_margin=\u00a0\u00bb0px|0px|0px|0px|true|true\u00a0\u00bb custom_padding=\u00a0\u00bb5%|5%|5%|5%|true|true\u00a0\u00bb global_colors_info=\u00a0\u00bb{}\u00a0\u00bb][et_pb_row _builder_version=\u00a0\u00bb4.19.4&Prime; _module_preset=\u00a0\u00bbdefault\u00a0\u00bb width=\u00a0\u00bb100%\u00a0\u00bb module_alignment=\u00a0\u00bbcenter\u00a0\u00bb custom_margin=\u00a0\u00bb0px|0px|0px|0px|true|true\u00a0\u00bb custom_padding=\u00a0\u00bb0%|0%|5%|0%|false|true\u00a0\u00bb locked=\u00a0\u00bboff\u00a0\u00bb global_colors_info=\u00a0\u00bb{}\u00a0\u00bb][et_pb_column type=\u00a0\u00bb4_4&Prime; _builder_version=\u00a0\u00bb4.19.2&Prime; _module_preset=\u00a0\u00bbdefault\u00a0\u00bb global_colors_info=\u00a0\u00bb{}\u00a0\u00bb][dsm_dual_heading before_text=\u00a0\u00bbNos Solutions en \u00a0\u00bb middle_text=\u00a0\u00bbIng\u00e9nierie &#038; Soutien\u00a0\u00bb before_background_color=\u00a0\u00bbRGBA(255,255,255,0)\u00a0\u00bb middle_background_color=\u00a0\u00bbRGBA(255,255,255,0)\u00a0\u00bb _builder_version=\u00a0\u00bb4.20.0&Prime; _module_preset=\u00a0\u00bbdefault\u00a0\u00bb header_font=\u00a0\u00bbMontserrat|700|||||||\u00a0\u00bb header_text_color=\u00a0\u00bb#373D3D\u00a0\u00bb header_font_size=\u00a0\u00bb40px\u00a0\u00bb before_font=\u00a0\u00bb||||||||\u00a0\u00bb middle_text_color=\u00a0\u00bb#00819C\u00a0\u00bb text_orientation=\u00a0\u00bbcenter\u00a0\u00bb custom_margin=\u00a0\u00bb0px|0px|0px|0px|true|true\u00a0\u00bb custom_margin_tablet=\u00a0\u00bb0px|0px|0px|0px|true|true\u00a0\u00bb custom_margin_phone=\u00a0\u00bb0px||0px||true|true\u00a0\u00bb custom_margin_last_edited=\u00a0\u00bbon|tablet\u00a0\u00bb custom_padding=\u00a0\u00bb0px|0px|28px|0px|false|true\u00a0\u00bb custom_padding_tablet=\u00a0\u00bb||16px||false|false\u00a0\u00bb custom_padding_phone=\u00a0\u00bb0px|0px|6px|0px|false|false\u00a0\u00bb custom_padding_last_edited=\u00a0\u00bbon|phone\u00a0\u00bb header_font_size_tablet=\u00a0\u00bb26px\u00a0\u00bb header_font_size_phone=\u00a0\u00bb14px\u00a0\u00bb header_font_size_last_edited=\u00a0\u00bbon|phone\u00a0\u00bb global_colors_info=\u00a0\u00bb{}\u00a0\u00bb][\/dsm_dual_heading][dsm_icon_divider use_icon=\u00a0\u00bbon\u00a0\u00bb font_icon=\u00a0\u00bb&#xe072;||divi||400&Prime; use_icon_font_size=\u00a0\u00bbon\u00a0\u00bb icon_font_size=\u00a0\u00bb40px\u00a0\u00bb divider_weight=\u00a0\u00bb2px\u00a0\u00bb icon_font_size_tablet=\u00a0\u00bb30px\u00a0\u00bb icon_font_size_phone=\u00a0\u00bb16px\u00a0\u00bb icon_font_size_last_edited=\u00a0\u00bbon|phone\u00a0\u00bb _builder_version=\u00a0\u00bb4.19.4&Prime; _module_preset=\u00a0\u00bbdefault\u00a0\u00bb width=\u00a0\u00bb20%\u00a0\u00bb width_tablet=\u00a0\u00bb30%\u00a0\u00bb width_phone=\u00a0\u00bb40%\u00a0\u00bb width_last_edited=\u00a0\u00bbon|phone\u00a0\u00bb module_alignment=\u00a0\u00bbcenter\u00a0\u00bb custom_margin=\u00a0\u00bb0px|0px|0px|0px|true|true\u00a0\u00bb custom_padding=\u00a0\u00bb0px|0px|0px|0px|false|false\u00a0\u00bb custom_padding_last_edited=\u00a0\u00bboff|phone\u00a0\u00bb global_colors_info=\u00a0\u00bb{}\u00a0\u00bb][\/dsm_icon_divider][\/et_pb_column][\/et_pb_row][et_pb_row _builder_version=\u00a0\u00bb4.19.4&Prime; _module_preset=\u00a0\u00bbdefault\u00a0\u00bb width=\u00a0\u00bb100%\u00a0\u00bb module_alignment=\u00a0\u00bbcenter\u00a0\u00bb custom_margin=\u00a0\u00bb0px|0px|0px|0px|false|false\u00a0\u00bb custom_padding=\u00a0\u00bb0%|0%|0%|0%|true|true\u00a0\u00bb global_colors_info=\u00a0\u00bb{}\u00a0\u00bb][et_pb_column type=\u00a0\u00bb4_4&Prime; _builder_version=\u00a0\u00bb4.19.3&Prime; _module_preset=\u00a0\u00bbdefault\u00a0\u00bb global_colors_info=\u00a0\u00bb{}\u00a0\u00bb][dsm_advanced_tabs dsm_tabs_layout=\u00a0\u00bbvertical\u00a0\u00bb dsm_equal_height=\u00a0\u00bbon\u00a0\u00bb dsm_show_arrow=\u00a0\u00bbon\u00a0\u00bb dsm_content_animation=\u00a0\u00bbbounceInRight\u00a0\u00bb dsm_inner_content_animation=\u00a0\u00bbfadeInRight\u00a0\u00bb dsm_tabs_image_icon_placement=\u00a0\u00bbleft\u00a0\u00bb dsm_deep_link=\u00a0\u00bbon\u00a0\u00bb dsm_tabs_vertical_alignment=\u00a0\u00bbtop\u00a0\u00bb dsm_tabs_gap=\u00a0\u00bb10px\u00a0\u00bb dsm_tabs_bg_color=\u00a0\u00bbrgba(0,129,156,0.2)\u00a0\u00bb dsm_tabs_active_bg_color=\u00a0\u00bb#00819C\u00a0\u00bb dsm_tabs_text_color=\u00a0\u00bb#3F3F40&Prime; dsm_tabs_active_text_color=\u00a0\u00bb#FFFFFF\u00a0\u00bb dsm_tabs_icon_color=\u00a0\u00bb#3F3F40&Prime; dsm_tabs_active_icon_color=\u00a0\u00bb#3F3F40&Prime; dsm_content_bg_color=\u00a0\u00bbrgba(0,129,156,0.1)\u00a0\u00bb dsm_content_margin=\u00a0\u00bb0px|0px|0px|0px|true|true\u00a0\u00bb dsm_content_padding=\u00a0\u00bb3%|3%|0%|3%|false|true\u00a0\u00bb dsm_tabs_image_icon_margin=\u00a0\u00bb0px||0px||false|false\u00a0\u00bb dsm_tabs_image_icon_padding=\u00a0\u00bb0%|0%|0%|0%|true|true\u00a0\u00bb dsm_tabs_wrapper_width=\u00a0\u00bb23%\u00a0\u00bb dsm_tabs_wrapper_margin=\u00a0\u00bb0px|0px|0px|0px|true|true\u00a0\u00bb dsm_tabs_wrapper_padding=\u00a0\u00bb0%|2%|0%|0%|false|false\u00a0\u00bb dsm_tabs_wrapper_bg_color=\u00a0\u00bbRGBA(255,255,255,0)\u00a0\u00bb dsm_content_image_icon_margin=\u00a0\u00bb0px|0px|0px|0px|true|true\u00a0\u00bb dsm_content_image_icon_padding=\u00a0\u00bb0%|0%|3%|0%|false|true\u00a0\u00bb dsm_content_image_icon_alignment=\u00a0\u00bbcenter\u00a0\u00bb dsm_content_icon_size=\u00a0\u00bb0px\u00a0\u00bb dsm_content_image_width=\u00a0\u00bb50%\u00a0\u00bb dsm_content_icon_color=\u00a0\u00bb#3F3F40&Prime; dsm_show_arrow_tablet=\u00a0\u00bboff\u00a0\u00bb dsm_show_arrow_phone=\u00a0\u00bboff\u00a0\u00bb dsm_show_arrow_last_edited=\u00a0\u00bbon|desktop\u00a0\u00bb dsm_tabs_gap_tablet=\u00a0\u00bb10px\u00a0\u00bb dsm_tabs_gap_phone=\u00a0\u00bb8px\u00a0\u00bb dsm_tabs_gap_last_edited=\u00a0\u00bbon|tablet\u00a0\u00bb dsm_content_padding_tablet=\u00a0\u00bb3%|3%|-1%|3%|false|true\u00a0\u00bb dsm_content_padding_phone=\u00a0\u00bb3%|3%|0%|3%|false|true\u00a0\u00bb dsm_content_padding_last_edited=\u00a0\u00bbon|desktop\u00a0\u00bb dsm_tabs_wrapper_width_tablet=\u00a0\u00bb100%\u00a0\u00bb dsm_tabs_wrapper_width_phone=\u00a0\u00bb100%\u00a0\u00bb dsm_tabs_wrapper_width_last_edited=\u00a0\u00bbon|desktop\u00a0\u00bb dsm_tabs_wrapper_padding_tablet=\u00a0\u00bb|0%|3%||false|false\u00a0\u00bb dsm_tabs_wrapper_padding_phone=\u00a0\u00bb0%|0%||0%|false|true\u00a0\u00bb dsm_tabs_wrapper_padding_last_edited=\u00a0\u00bbon|phone\u00a0\u00bb dsm_content_image_icon_alignment_tablet=\u00a0\u00bbcenter\u00a0\u00bb dsm_content_image_icon_alignment_phone=\u00a0\u00bbcenter\u00a0\u00bb dsm_content_image_icon_alignment_last_edited=\u00a0\u00bbon|desktop\u00a0\u00bb dsm_content_image_width_tablet=\u00a0\u00bb50%\u00a0\u00bb dsm_content_image_width_phone=\u00a0\u00bb50%\u00a0\u00bb dsm_content_image_width_last_edited=\u00a0\u00bbon|phone\u00a0\u00bb _builder_version=\u00a0\u00bb4.27.0&Prime; _module_preset=\u00a0\u00bbdefault\u00a0\u00bb tab_title_font=\u00a0\u00bbMontserrat|600||on|||||\u00a0\u00bb tab_title_font_size=\u00a0\u00bb18px\u00a0\u00bb tab_title_line_height=\u00a0\u00bb1.8em\u00a0\u00bb content_title_level=\u00a0\u00bbh3&Prime; content_title_font=\u00a0\u00bbMontserrat|600|||||||\u00a0\u00bb content_title_text_align=\u00a0\u00bbcenter\u00a0\u00bb content_title_text_color=\u00a0\u00bb#00819C\u00a0\u00bb content_title_font_size=\u00a0\u00bb32px\u00a0\u00bb content_title_line_height=\u00a0\u00bb2em\u00a0\u00bb tab_content_text_font=\u00a0\u00bbMontserrat||||||||\u00a0\u00bb tab_content_text_text_align=\u00a0\u00bbjustify\u00a0\u00bb tab_content_text_font_size=\u00a0\u00bb18px\u00a0\u00bb tab_content_text_line_height=\u00a0\u00bb1.4em\u00a0\u00bb image_icon_custom_margin=\u00a0\u00bb0px|0px|0px|0px|true|true\u00a0\u00bb image_icon_custom_padding=\u00a0\u00bb0%|7%|0%|7%|true|true\u00a0\u00bb image_icon_custom_padding_tablet=\u00a0\u00bb2%|2%|2%|2%|true|true\u00a0\u00bb image_icon_custom_padding_phone=\u00a0\u00bb2%|2%|2%|2%|true|true\u00a0\u00bb image_icon_custom_padding_last_edited=\u00a0\u00bbon|desktop\u00a0\u00bb hover_enabled=\u00a0\u00bb0&Prime; tab_title_font_size_tablet=\u00a0\u00bb10px\u00a0\u00bb tab_title_font_size_phone=\u00a0\u00bb8px\u00a0\u00bb tab_title_font_size_last_edited=\u00a0\u00bbon|desktop\u00a0\u00bb tab_title_line_height_tablet=\u00a0\u00bb1.4em\u00a0\u00bb tab_title_line_height_phone=\u00a0\u00bb1.4em\u00a0\u00bb tab_title_line_height_last_edited=\u00a0\u00bbon|desktop\u00a0\u00bb content_title_font_size_tablet=\u00a0\u00bb18px\u00a0\u00bb content_title_font_size_phone=\u00a0\u00bb10px\u00a0\u00bb content_title_font_size_last_edited=\u00a0\u00bbon|phone\u00a0\u00bb content_title_line_height_tablet=\u00a0\u00bb2em\u00a0\u00bb content_title_line_height_phone=\u00a0\u00bb1.4em\u00a0\u00bb content_title_line_height_last_edited=\u00a0\u00bbon|phone\u00a0\u00bb tab_content_text_font_size_tablet=\u00a0\u00bb14px\u00a0\u00bb tab_content_text_font_size_phone=\u00a0\u00bb10px\u00a0\u00bb tab_content_text_font_size_last_edited=\u00a0\u00bbon|desktop\u00a0\u00bb tab_content_text_line_height_tablet=\u00a0\u00bb1.4em\u00a0\u00bb tab_content_text_line_height_phone=\u00a0\u00bb1.4em\u00a0\u00bb tab_content_text_line_height_last_edited=\u00a0\u00bbon|phone\u00a0\u00bb border_radii_dsm_tabs_border=\u00a0\u00bbon|12px|12px|12px|12px\u00a0\u00bb border_width_all_dsm_tabs_border=\u00a0\u00bb1px\u00a0\u00bb border_color_all_dsm_tabs_border=\u00a0\u00bb#00819C\u00a0\u00bb border_width_all_dsm_active_tabs_border=\u00a0\u00bb2px\u00a0\u00bb border_color_all_dsm_active_tabs_border=\u00a0\u00bb#00819C\u00a0\u00bb border_radii_dsm_content_border=\u00a0\u00bbon|12px|12px|12px|12px\u00a0\u00bb border_color_all_dsm_content_border=\u00a0\u00bb#00819C\u00a0\u00bb box_shadow_style_tab_active_shadow=\u00a0\u00bbpreset2&Prime; global_colors_info=\u00a0\u00bb{}\u00a0\u00bb sticky_enabled=\u00a0\u00bb0&Prime;][dsm_advanced_tabs_child module_id=\u00a0\u00bbformation-technique-et-operationnelle\u00a0\u00bb dsm_title=\u00a0\u00bbINGENIERIE DE MAINTENANCE ASL \/ SLI\u00a0\u00bb dsm_content_title=\u00a0\u00bbIng\u00e9nierie de Maintenance ASL \/ SLI\u00a0\u00bb dsm_content=\u00a0\u00bb<\/p>\n<h2 class=%22dsm-title%22><\/h2>\n<div class=%22dsm-content%22>\n<p>Nos solutions de <strong>Soutien Logistique Int\u00e9gr\u00e9 (SLI)<\/strong> offrent \u00e0 nos clients l\u2019opportunit\u00e9 de cr\u00e9er et d\u2019entretenir un syst\u00e8me de soutien coh\u00e9rent permettant d\u2019assurer un rapport <strong>co\u00fbt global de possession\/disponibilit\u00e9 op\u00e9rationnelle <\/strong>optimal.<\/p>\n<p>D\u00e9s la phase de <strong>conception<\/strong> du produit jusque dans sa phase de <strong>MCO<\/strong>, ISD r\u00e9alise les travaux de d\u2019<strong>Analyse du Soutien Logistique (ASL) <\/strong>suivants :<\/p>\n<ul><\/ul>\n<ul>\n<li>Analyse critique de d\u00e9finition pour prendre en compte les contraintes du soutien,<\/li>\n<li>Analyse du besoin li\u00e9 au soutien logistique en coh\u00e9rence avec le profil d\u2019emploi,<\/li>\n<li>Conception du concept de maintenance,<\/li>\n<li>Gestion des documents d\u2019analyse du soutien logistique (suivant process client),<\/li>\n<li>Gestion des BASL (1388-2B \/ S3000L \/ Autre),<\/li>\n<li>Travaux sur la donn\u00e9e de ravitaillement (S2000M \/ MAT10003 v2014),<\/li>\n<li>Pr\u00e9paration \u00e0 la Codification OTAN,<\/li>\n<li>R\u00e9daction de Bulletins de Service (BS) afin d\u2019effectuer les campagnes de r\u00e9trofits,<\/li>\n<li>Audit ASL.<\/li>\n<\/ul>\n<\/div>\n<p>\u00a0\u00bb dsm_content_use_icon_image=\u00a0\u00bbon\u00a0\u00bb dsm_content_image=\u00a0\u00bbhttps:\/\/isd-sa.com\/wp-content\/uploads\/2022\/12\/Ingenierie-de-maintenance-ASL_SLI.jpg\u00a0\u00bb _builder_version=\u00a0\u00bb4.19.5&Prime; _module_preset=\u00a0\u00bbdefault\u00a0\u00bb content_title_level=\u00a0\u00bbh3&Prime; global_colors_info=\u00a0\u00bb{}\u00a0\u00bb parentOrderClass=\u00a0\u00bbdsm_advanced_tabs_0&Prime;][\/dsm_advanced_tabs_child][dsm_advanced_tabs_child module_id=\u00a0\u00bbformation-technique-et-operationnelle\u00a0\u00bb dsm_title=\u00a0\u00bbFORMATION TECHNIQUE ET OPERATIONNELLE\u00a0\u00bb dsm_content_title=\u00a0\u00bbFormation Technique &#038; Op\u00e9rationnelle\u00a0\u00bb dsm_content=\u00a0\u00bb<\/p>\n<h2 class=%22dsm-title%22><\/h2>\n<div class=%22dsm-content%22>\n<p>L\u2019\u00e9quipe formation d\u2019ISD poss\u00e8de une exp\u00e9rience de <strong>plus de 15 ans<\/strong> dans le domaine de la d\u00e9fense, ayant d\u00e9ploy\u00e9 des formations en France et \u00e0 l\u2019international.<\/p>\n<p>Les forces de notre \u00e9quipe :<\/p>\n<ul>\n<li>Un parcours <strong>d\u2019anciens utilisateurs d\u2019\u00e9quipements navals, terrestres et a\u00e9ronaval <\/strong>(anciens militaires, vision op\u00e9rationnelle)<\/li>\n<li>Un parcours dans une entreprise industrielle fran\u00e7aise d\u2019armement (vision industrielle)<\/li>\n<li>Une <strong>formation en ing\u00e9nierie p\u00e9dagogique<\/strong> pour \u00e0 la fois, analyser les documentations techniques, mettre en forme et concevoir des supports de cours<\/li>\n<li>La ma\u00eetrise de la langue fran\u00e7aise et anglaise nous permettant de participer aux projets internationaux<\/li>\n<\/ul>\n<p>Nos \u00e9quipes interviennent dans les domaines de d\u00e9fense terrestre et navale en :<\/p>\n<ul>\n<li>Formations \u00e0 la Mise en \u0153uvre<\/li>\n<li>Formations \u00e0 la Maintenance<\/li>\n<li>Formations au Tir<\/li>\n<li>Formations Syst\u00e8me<\/li>\n<\/ul>\n<p>L\u2019\u00e9quipe formation assure la <strong>conception des supports de formation<\/strong> (Support de cours, Notice de Fonctionnement P\u00e9dagogiques (NFP), Enseignement Assist\u00e9 par Ordinateurs (EAO).<\/p>\n<p>Les travaux d\u2019ing\u00e9nierie de formation sont men\u00e9s selon les<strong> objectifs p\u00e9dagogiques contractuels de r\u00e9f\u00e9rence<\/strong> de nos clients, adressant des formations <strong>th\u00e9oriques et pratiques,<\/strong> toujours plus tourn\u00e9es vers la digitalisation.<\/p>\n<\/div>\n<p>\u00a0\u00bb dsm_content_use_icon_image=\u00a0\u00bbon\u00a0\u00bb dsm_content_image=\u00a0\u00bbhttps:\/\/isd-sa.com\/wp-content\/uploads\/2022\/12\/vignettes-solutions-1.jpg\u00a0\u00bb _builder_version=\u00a0\u00bb4.19.5&Prime; _module_preset=\u00a0\u00bbdefault\u00a0\u00bb content_title_level=\u00a0\u00bbh3&Prime; global_colors_info=\u00a0\u00bb{}\u00a0\u00bb parentOrderClass=\u00a0\u00bbdsm_advanced_tabs_0&Prime;][\/dsm_advanced_tabs_child][dsm_advanced_tabs_child module_id=\u00a0\u00bbformation-technique-et-operationnelle\u00a0\u00bb dsm_title=\u00a0\u00bbDOCUMENTATION TECHNIQUE\u00a0\u00bb dsm_content_title=\u00a0\u00bbDocumentation Technique\u00a0\u00bb dsm_content=\u00a0\u00bb<\/p>\n<h2 class=%22dsm-title%22><\/h2>\n<div class=%22dsm-content%22>\n<p>Travaillant en collaboration \u00e9troite avec les \u00e9quipes d\u2019Ing\u00e9nierie de Maintenance et de Maitrise Technique, ISD dispose d\u2019un p\u00f4le d\u00e9di\u00e9 sp\u00e9cifiquement \u00e0 la <strong>Documentation Technique.<\/strong><\/p>\n<p>A partir des donn\u00e9es ASL, nous r\u00e9alisons un syst\u00e8me documentaire complet, compos\u00e9 principalement de :<\/p>\n<ul>\n<li>Manuels Op\u00e9rateur \/ Guides Techniques,<\/li>\n<li>Manuels d\u2019Entretien et de R\u00e9paration \/ Manuels de maintenance,<\/li>\n<li>Notice de Fonctionnement,<\/li>\n<li>Catalogues illustr\u00e9s.<\/li>\n<\/ul>\n<p>Pour nos clients priv\u00e9s ou \u00e9tatiques, nous ma\u00eetrisons, entre autres, la <strong>norme MAT 10000 et la sp\u00e9cification ASD S1000D.<\/strong><\/p>\n<\/div>\n<p>\u00a0\u00bb dsm_content_use_icon_image=\u00a0\u00bbon\u00a0\u00bb dsm_content_image=\u00a0\u00bbhttps:\/\/isd-sa.com\/wp-content\/uploads\/2022\/12\/vignettes-solutions-2.jpg\u00a0\u00bb _builder_version=\u00a0\u00bb4.19.5&Prime; _module_preset=\u00a0\u00bbdefault\u00a0\u00bb content_title_level=\u00a0\u00bbh3&Prime; global_colors_info=\u00a0\u00bb{}\u00a0\u00bb parentOrderClass=\u00a0\u00bbdsm_advanced_tabs_0&Prime;][\/dsm_advanced_tabs_child][dsm_advanced_tabs_child module_id=\u00a0\u00bbformation-technique-et-operationnelle\u00a0\u00bb dsm_title=\u00a0\u00bbMANAGEMENT DE PROGRAMME\u00a0\u00bb dsm_content_title=\u00a0\u00bbManagement de Programme\u00a0\u00bb dsm_content=\u00a0\u00bb<\/p>\n<h2 class=%22dsm-title%22><\/h2>\n<div class=%22dsm-content%22>\n<p>ISD apporte son exp\u00e9rience en <strong>Management de contrat et pilotage de projet<\/strong>, en couvrant <strong>toutes les phases d\u2019un programme d\u2019armement<\/strong>, du d\u00e9veloppement au soutien logistique en unit\u00e9, en passant par la qualification et la fabrication des mat\u00e9riels.<\/p>\n<p>Nos prestations couvrent :<\/p>\n<ul><\/ul>\n<ul>\n<li>Le management du contrat,<\/li>\n<li>L\u2019assurance qualit\u00e9 projet et fournitures,<\/li>\n<li>Les activit\u00e9s de soutien (mise \u00e0 jour de toute la DTU, refonte des dossiers r\u00e8glementaires et environnementaux, production des notices d\u2019utilisation et de justifications des \u00e9volutions\u2026)<\/li>\n<li>Le pilotage des industriels et des sous-traitants,<\/li>\n<li>Le suivi et le pilotage de la production.<\/li>\n<\/ul>\n<\/div>\n<p>\u00a0\u00bb dsm_content_use_icon_image=\u00a0\u00bbon\u00a0\u00bb dsm_content_image=\u00a0\u00bbhttps:\/\/isd-sa.com\/wp-content\/uploads\/2022\/12\/vignettes-solutions-3.jpg\u00a0\u00bb _builder_version=\u00a0\u00bb4.19.5&Prime; _module_preset=\u00a0\u00bbdefault\u00a0\u00bb content_title_level=\u00a0\u00bbh3&Prime; global_colors_info=\u00a0\u00bb{}\u00a0\u00bb parentOrderClass=\u00a0\u00bbdsm_advanced_tabs_0&Prime;][\/dsm_advanced_tabs_child][dsm_advanced_tabs_child module_id=\u00a0\u00bbformation-technique-et-operationnelle\u00a0\u00bb dsm_title=\u00a0\u00bbGLOBAL-MCO\u00a0\u00bb dsm_content_title=\u00a0\u00bbGlobal-MCO\u00a0\u00bb dsm_content=\u00a0\u00bb<\/p>\n<h2 class=%22dsm-title%22><\/h2>\n<div class=%22dsm-content%22>\n<p>Depuis 2015, le groupe ISD a cr\u00e9\u00e9, avec son partenaire Ametra, <strong>Global<\/strong><strong>-MCO<\/strong>. Un GME d\u00e9di\u00e9 au traitement de la <strong>maitrise technique et des besoins compl\u00e9mentaires<\/strong> des mat\u00e9riels en utilisation, travaillant <strong>simultan\u00e9ment<\/strong> sur la d\u00e9finition et le soutien des syst\u00e8mes.<\/p>\n<p>Global-MCO apporte ses comp\u00e9tences dans les domaines suivants :<\/p>\n<ul><\/ul>\n<ul>\n<li>Traitement d\u2019<strong>obsolescences <\/strong>et de<strong> faits techniques<\/strong>,<\/li>\n<li>Traitements des <strong>\u00e9volutions <\/strong>des syst\u00e8mes,<\/li>\n<li>Etudes d\u2019ing\u00e9nierie d\u00e9taill\u00e9e,<\/li>\n<li>R\u00e9alisation des travaux de d\u00e9finition n\u00e9cessaires,<\/li>\n<li>R\u00e9alisation des travaux d\u2019ASL n\u00e9cessaires.<\/li>\n<li><strong>Ing\u00e9nierie simultan\u00e9e<\/strong> : \u00e9tudes\/soutien,<\/li>\n<li>Fabrication de prototypes.<\/li>\n<\/ul>\n<\/div>\n<p>\u00a0\u00bb dsm_content_use_icon_image=\u00a0\u00bbon\u00a0\u00bb dsm_content_image=\u00a0\u00bbhttps:\/\/isd-sa.com\/wp-content\/uploads\/2022\/12\/vignettes-solutions-4.jpg\u00a0\u00bb _builder_version=\u00a0\u00bb4.19.5&Prime; _module_preset=\u00a0\u00bbdefault\u00a0\u00bb content_title_level=\u00a0\u00bbh3&Prime; global_colors_info=\u00a0\u00bb{}\u00a0\u00bb parentOrderClass=\u00a0\u00bbdsm_advanced_tabs_0&Prime;][\/dsm_advanced_tabs_child][dsm_advanced_tabs_child module_id=\u00a0\u00bbformation-technique-et-operationnelle\u00a0\u00bb dsm_title=\u00a0\u00bbASSISTANCE TECHNIQUE ET EXPORT\u00a0\u00bb dsm_content_title=\u00a0\u00bbAssistance Technique &#038; Export\u00a0\u00bb dsm_content=\u00a0\u00bb<\/p>\n<h2 class=%22dsm-title%22><\/h2>\n<div class=%22dsm-content%22>\n<p>ISD adresse des projets d\u2019assistance technique en France et \u00e0 l\u2019\u00e9tranger, et maitrise l\u2019<strong>expatriation de personnels exp\u00e9riment\u00e9s <\/strong>envoy\u00e9s en <strong>mission courte, moyenne ou longue<\/strong> : int\u00e9gration &#8211; montage, formations, travaux de maintenance, conseil et pilotage de projet.<\/p>\n<p>Un positionnement sp\u00e9cifique en <strong>Arabie Saoudite<\/strong> permet \u00e0 <strong>ISD Saudi Arabia<\/strong> de se faire le relai des industriels localement.<\/p>\n<\/div>\n<p>\u00a0\u00bb dsm_content_use_icon_image=\u00a0\u00bbon\u00a0\u00bb dsm_content_image=\u00a0\u00bbhttps:\/\/isd-sa.com\/wp-content\/uploads\/2022\/12\/vignettes-solutions-5.jpg\u00a0\u00bb _builder_version=\u00a0\u00bb4.19.5&Prime; _module_preset=\u00a0\u00bbdefault\u00a0\u00bb content_title_level=\u00a0\u00bbh3&Prime; global_colors_info=\u00a0\u00bb{}\u00a0\u00bb parentOrderClass=\u00a0\u00bbdsm_advanced_tabs_0&Prime;][\/dsm_advanced_tabs_child][\/dsm_advanced_tabs][\/et_pb_column][\/et_pb_row][\/et_pb_section]<\/p>\n","protected":false},"excerpt":{"rendered":"<p>Our Solutions...<div class=\"et_pb_module dsm_dual_heading dsm_dual_heading_0  et_pb_text_align_center et_pb_bg_layout_light\">\n\t\t\t\t\n\t\t\t\t\n\t\t\t\t\n\t\t\t\t\n\t\t\t\t\n\t\t\t\t\n\t\t\t\t<div class=\"et_pb_module_inner\">\n\t\t\t\t\t<h2 class=\"dsm-dual-heading-main et_pb_module_header translation-block\"><span class=\"dsm-dual-heading-before\">Our <\/span><span class=\"dsm-dual-heading-middle\">Engineering &amp; Support <\/span><span class=\"dsm-dual-heading-before\">Solutions<\/span><\/h2>\n\t\t\t\t<\/div>\n\t\t\t<\/div><div class=\"et_pb_module dsm_icon_divider dsm_icon_divider_0\">\n\t\t\t\t\n\t\t\t\t\n\t\t\t\t\n\t\t\t\t\n\t\t\t\t\n\t\t\t\t\n\t\t\t\t<div class=\"et_pb_module_inner\">\n\t\t\t\t\t<div class=\"dsm-icon-divider-wrapper dsm-icon-divider-align-center\">\n\t\t\t\t\n\t\t\t\t\n\t\t\t\t<div class=\"dsm-icon-divider-before dsm-divider\"><\/div>\n\t\t\t\t<div class=\"dsm-icon-divider-image\"><span class=\"dsm-icon-divider-image-wrap\"><span class=\"et-pb-icon\" style=\"color: #00819c;\">&#xe072;<\/span><\/span><\/div>\n\t\t\t\t<div class=\"dsm-icon-divider-after dsm-divider\"><\/div>\n\t\t\t<\/div>\n\t\t\t\t<\/div>\n\t\t\t<\/div><div class=\"et_pb_with_border et_pb_module dsm_advanced_tabs dsm_advanced_tabs_0\">\n\t\t\t\t\n\t\t\t\t\n\t\t\t\t\n\t\t\t\t\n\t\t\t\t\n\t\t\t\t\n\t\t\t\t<div class=\"et_pb_module_inner\">\n\t\t\t\t\t<div class=\"dsm-advanced-tabs-container\" data-trigger=\"click\" data-animation=\"bounceInRight\" data-inner_animation=\"fadeInRight\" data-deep_link=\"on\" data-image_lightbox=\"off\" data-auto_scroll_mobile=\"off\" data-anchor_link=\"off\">\n\t\t\t\t    <div class=\"dsm-advanced-tabs-wrapper\" role=\"tablist\"><\/div>\n\t\t\t\t <div class=\"dsm-advanced-tabs-content-wrapper\">\n\t\t\t\t    \n\t\t\t\t <\/div>\n\t\t     <\/div>\n\t\t    \n\t\t\t\t<\/div>\n\t\t\t<\/div><div class=\"dsm-advanced-tab-item-wrapper dsm_advanced_tabs_child_0\">\n\t\t\t\t<\/div>\n\t\t\t<\/p>","protected":false},"author":4,"featured_media":0,"parent":0,"menu_order":0,"comment_status":"closed","ping_status":"closed","template":"","meta":{"_et_pb_use_builder":"on","_et_pb_old_content":"<!-- wp:divi\/placeholder \/-->","_et_gb_content_width":"","footnotes":""},"class_list":["post-3652","page","type-page","status-publish","hentry"],"aioseo_notices":[],"_links":{"self":[{"href":"https:\/\/isd-sa.com\/en\/wp-json\/wp\/v2\/pages\/3652","targetHints":{"allow":["GET"]}}],"collection":[{"href":"https:\/\/isd-sa.com\/en\/wp-json\/wp\/v2\/pages"}],"about":[{"href":"https:\/\/isd-sa.com\/en\/wp-json\/wp\/v2\/types\/page"}],"author":[{"embeddable":true,"href":"https:\/\/isd-sa.com\/en\/wp-json\/wp\/v2\/users\/4"}],"replies":[{"embeddable":true,"href":"https:\/\/isd-sa.com\/en\/wp-json\/wp\/v2\/comments?post=3652"}],"version-history":[{"count":3,"href":"https:\/\/isd-sa.com\/en\/wp-json\/wp\/v2\/pages\/3652\/revisions"}],"predecessor-version":[{"id":6012,"href":"https:\/\/isd-sa.com\/en\/wp-json\/wp\/v2\/pages\/3652\/revisions\/6012"}],"wp:attachment":[{"href":"https:\/\/isd-sa.com\/en\/wp-json\/wp\/v2\/media?parent=3652"}],"curies":[{"name":"wp","href":"https:\/\/api.w.org\/{rel}","templated":true}]}}