{"id":4598,"date":"2022-12-19T12:49:35","date_gmt":"2022-12-19T12:49:35","guid":{"rendered":"https:\/\/isd-sa.com\/?page_id=4598"},"modified":"2023-02-28T15:46:05","modified_gmt":"2023-02-28T15:46:05","slug":"mentions-legales","status":"publish","type":"page","link":"https:\/\/isd-sa.com\/en\/mentions-legales\/","title":{"rendered":"Legal notice"},"content":{"rendered":"<p>[et_pb_section fb_built=\u00a0\u00bb1&Prime; _builder_version=\u00a0\u00bb4.19.4&Prime; custom_padding=\u00a0\u00bb5%|5%|5%|5%|true|true\u00a0\u00bb locked=\u00a0\u00bboff\u00a0\u00bb global_colors_info=\u00a0\u00bb{}\u00a0\u00bb][et_pb_row _builder_version=\u00a0\u00bb4.19.4&Prime; background_size=\u00a0\u00bbinitial\u00a0\u00bb background_position=\u00a0\u00bbtop_left\u00a0\u00bb background_repeat=\u00a0\u00bbrepeat\u00a0\u00bb custom_padding=\u00a0\u00bb0%|0%|0%|0%|true|true\u00a0\u00bb global_colors_info=\u00a0\u00bb{}\u00a0\u00bb][et_pb_column type=\u00a0\u00bb4_4&Prime; _builder_version=\u00a0\u00bb4.16&Prime; custom_padding=\u00a0\u00bb|||\u00a0\u00bb global_colors_info=\u00a0\u00bb{}\u00a0\u00bb custom_padding__hover=\u00a0\u00bb|||\u00a0\u00bb][et_pb_post_title meta=\u00a0\u00bboff\u00a0\u00bb featured_image=\u00a0\u00bboff\u00a0\u00bb _builder_version=\u00a0\u00bb4.20.0&Prime; _module_preset=\u00a0\u00bbdefault\u00a0\u00bb title_font=\u00a0\u00bbMontserrat|700||on|||||\u00a0\u00bb title_text_align=\u00a0\u00bbcenter\u00a0\u00bb title_text_color=\u00a0\u00bb#00819C\u00a0\u00bb custom_padding=\u00a0\u00bb0%|0%|1.9%|0%|false|true\u00a0\u00bb hover_enabled=\u00a0\u00bb0&Prime; title_font_size_tablet=\u00a0\u00bb22px\u00a0\u00bb title_font_size_phone=\u00a0\u00bb18px\u00a0\u00bb title_font_size_last_edited=\u00a0\u00bbon|phone\u00a0\u00bb global_colors_info=\u00a0\u00bb{}\u00a0\u00bb sticky_enabled=\u00a0\u00bb0&Prime;][\/et_pb_post_title][et_pb_text _builder_version=\u00a0\u00bb4.20.0&Prime; text_font=\u00a0\u00bbMontserrat||||||||\u00a0\u00bb header_font=\u00a0\u00bb||||||||\u00a0\u00bb header_2_font=\u00a0\u00bbMontserrat|600|||||||\u00a0\u00bb header_2_text_align=\u00a0\u00bbleft\u00a0\u00bb header_2_text_color=\u00a0\u00bb#00819C\u00a0\u00bb header_2_font_size=\u00a0\u00bb24px\u00a0\u00bb header_2_line_height=\u00a0\u00bb2em\u00a0\u00bb header_3_font=\u00a0\u00bbMontserrat|600|||||||\u00a0\u00bb header_3_text_align=\u00a0\u00bbleft\u00a0\u00bb header_3_font_size=\u00a0\u00bb17px\u00a0\u00bb header_3_line_height=\u00a0\u00bb1.5em\u00a0\u00bb background_size=\u00a0\u00bbinitial\u00a0\u00bb background_position=\u00a0\u00bbtop_left\u00a0\u00bb background_repeat=\u00a0\u00bbrepeat\u00a0\u00bb custom_padding=\u00a0\u00bb0%|0%|0%|0%|true|true\u00a0\u00bb hover_enabled=\u00a0\u00bb0&Prime; text_font_size_tablet=\u00a0\u00bb12px\u00a0\u00bb text_font_size_phone=\u00a0\u00bb10px\u00a0\u00bb text_font_size_last_edited=\u00a0\u00bbon|phone\u00a0\u00bb text_line_height_tablet=\u00a0\u00bb1.5em\u00a0\u00bb text_line_height_phone=\u00a0\u00bb1.3em\u00a0\u00bb text_line_height_last_edited=\u00a0\u00bbon|tablet\u00a0\u00bb header_2_font_size_tablet=\u00a0\u00bb22px\u00a0\u00bb header_2_font_size_phone=\u00a0\u00bb16px\u00a0\u00bb header_2_font_size_last_edited=\u00a0\u00bbon|phone\u00a0\u00bb header_2_line_height_tablet=\u00a0\u00bb2em\u00a0\u00bb header_2_line_height_phone=\u00a0\u00bb1.5em\u00a0\u00bb header_2_line_height_last_edited=\u00a0\u00bbon|desktop\u00a0\u00bb header_3_font_size_tablet=\u00a0\u00bb14px\u00a0\u00bb header_3_font_size_phone=\u00a0\u00bb10px\u00a0\u00bb header_3_font_size_last_edited=\u00a0\u00bbon|phone\u00a0\u00bb global_colors_info=\u00a0\u00bb{}\u00a0\u00bb sticky_enabled=\u00a0\u00bb0&Prime;]<\/p>\n<p><!-- divi:heading --><\/p>\n<h3><strong>CE SITE EST SOUS LA RESPONSABILIT\u00c9 DE LA DIRECTION DE LA COMMUNICATION DU GROUPE ISD-SA<\/strong>.<\/h3>\n<h2><\/h2>\n<h2>Mentions l\u00e9gales<\/h2>\n<p _ngcontent-sitelgm-c69=\"\" style=\"text-align: justify;\">Nous nous r\u00e9servons le droit de modifier le contenu de ce site web de toutes les fa\u00e7ons que ce soit, \u00e0 tout moment et pour n&rsquo;importe quelle raison, et ce, sans notification pr\u00e9alable particuli\u00e8re. ISD-SA ne pourra \u00eatre tenu pour responsable, de quelque mani\u00e8re que ce soit, des cons\u00e9quences de telles modifications.<\/p>\n<h2>Non divulgation des informations<\/h2>\n<p _ngcontent-sitelgm-c69=\"\" style=\"text-align: justify;\">ISD-SA\u00a0 s&rsquo;engage \u00e0 ne pas vendre, partager, ni divulguer vos donn\u00e9es personnelles nominatives \u00e0 des tiers en dehors du Groupe ISD-SA. Cependant, ces donn\u00e9es peuvent \u00eatre occasionnellement transmises \u00e0 des tiers agissant pour le compte ou au nom de ISD-SA ou en relation avec l&rsquo;activit\u00e9 de ISD-SA dans le cadre de l&rsquo;utilisation pour laquelle elles avaient \u00e9t\u00e9 recueillies \u00e0 l&rsquo;origine.<\/p>\n<h2>Droit d&rsquo;acc\u00e9s<\/h2>\n<p _ngcontent-sitelgm-c69=\"\" style=\"text-align: justify;\">Vous disposez du droit d&rsquo;acc\u00e9s et de mise \u00e0 jour de vos donn\u00e9es personnelles nominatives ainsi que du droit de demander leur suppression, conform\u00e9ment \u00e0 la Loi n\u00b0 78-17 du 6 janvier 1978 relative \u00e0 l&rsquo;informatique, aux fichiers et aux libert\u00e9s. Nous nous engageons \u00e0 nous assurer que vos donn\u00e9es personnelles nominatives sont \u00e0 jour, exactes et compl\u00e8tes. Si vous souhaitez acc\u00e9der \u00e0 vos donn\u00e9es personnelles ou les corriger, merci de bien vouloir contacter par courrier le responsable de la protection des donn\u00e9es \u00e0 l&rsquo;adresse suivante : ISD-SA, Direction du recrutement, 42 Bis rue Berthier, 78000 Versailles, France. Vos demandes seront trait\u00e9es au plus vite. Les demandes de suppression des donn\u00e9es personnelles seront soumises aux exigences qui s&rsquo;imposent \u00e0 ISD-SA aux plans juridique et \u00e9thique, dans les domaines du reporting, de l&rsquo;archivage et du stockage de document.<\/p>\n<p style=\"text-align: justify;\"><!-- \/divi:paragraph --><\/p>\n<p>[\/et_pb_text][\/et_pb_column][\/et_pb_row][\/et_pb_section]<\/p>\n","protected":false},"excerpt":{"rendered":"<p>CE SITE EST SOUS LA RESPONSABILIT\u00c9 DE LA DIRECTION DE LA COMMUNICATION DU GROUPE ISD-SA. Mentions l\u00e9gales Nous nous r\u00e9servons le droit de modifier le contenu de ce site web de toutes les fa\u00e7ons que ce soit, \u00e0 tout moment et pour n&rsquo;importe quelle raison, et ce, sans notification pr\u00e9alable particuli\u00e8re. ISD-SA ne pourra \u00eatre tenu pour responsable, de quelque mani\u00e8re que ce soit, des cons\u00e9quences de telles modifications. Non divulgation des informations ISD-SA\u00a0 s&rsquo;engage \u00e0 ne pas vendre, partager, ni divulguer vos donn\u00e9es personnelles nominatives \u00e0 des tiers en dehors du Groupe ISD-SA. Cependant, ces donn\u00e9es peuvent \u00eatre occasionnellement transmises \u00e0 des tiers agissant pour le compte ou au nom de ISD-SA ou en relation avec l&rsquo;activit\u00e9 de ISD-SA dans le cadre de l&rsquo;utilisation pour laquelle elles avaient \u00e9t\u00e9 recueillies \u00e0 l&rsquo;origine. Droit d&rsquo;acc\u00e9s Vous disposez du droit d&rsquo;acc\u00e9s et de mise \u00e0 jour de vos donn\u00e9es personnelles nominatives ainsi que du droit de demander leur suppression, conform\u00e9ment \u00e0 la Loi n\u00b0 78-17 du 6 janvier 1978 relative \u00e0 l&rsquo;informatique, aux fichiers et aux libert\u00e9s. Nous nous engageons \u00e0 nous assurer que vos donn\u00e9es personnelles nominatives sont \u00e0 jour, exactes et compl\u00e8tes. Si vous souhaitez acc\u00e9der \u00e0 vos donn\u00e9es [&hellip;]<\/p>\n","protected":false},"author":4,"featured_media":0,"parent":0,"menu_order":0,"comment_status":"closed","ping_status":"closed","template":"","meta":{"_et_pb_use_builder":"on","_et_pb_old_content":"","_et_gb_content_width":"","footnotes":""},"class_list":["post-4598","page","type-page","status-publish","hentry"],"aioseo_notices":[],"_links":{"self":[{"href":"https:\/\/isd-sa.com\/en\/wp-json\/wp\/v2\/pages\/4598","targetHints":{"allow":["GET"]}}],"collection":[{"href":"https:\/\/isd-sa.com\/en\/wp-json\/wp\/v2\/pages"}],"about":[{"href":"https:\/\/isd-sa.com\/en\/wp-json\/wp\/v2\/types\/page"}],"author":[{"embeddable":true,"href":"https:\/\/isd-sa.com\/en\/wp-json\/wp\/v2\/users\/4"}],"replies":[{"embeddable":true,"href":"https:\/\/isd-sa.com\/en\/wp-json\/wp\/v2\/comments?post=4598"}],"version-history":[{"count":3,"href":"https:\/\/isd-sa.com\/en\/wp-json\/wp\/v2\/pages\/4598\/revisions"}],"predecessor-version":[{"id":5845,"href":"https:\/\/isd-sa.com\/en\/wp-json\/wp\/v2\/pages\/4598\/revisions\/5845"}],"wp:attachment":[{"href":"https:\/\/isd-sa.com\/en\/wp-json\/wp\/v2\/media?parent=4598"}],"curies":[{"name":"wp","href":"https:\/\/api.w.org\/{rel}","templated":true}]}}